{"id":5095,"date":"2026-04-14T12:34:01","date_gmt":"2026-04-14T18:34:01","guid":{"rendered":"https:\/\/evercleancw.com\/?page_id=5095"},"modified":"2026-04-28T12:41:55","modified_gmt":"2026-04-28T18:41:55","slug":"terms-conditions","status":"publish","type":"page","link":"https:\/\/evercleancw.com\/es\/terms-conditions\/","title":{"rendered":"Terms &#038; Conditions"},"content":{"rendered":"<div class=\"page\" title=\"P\u00e1gina 1\">\n<div class=\"section\">\n<div class=\"layoutArea\">\n<div class=\"column\">\n<h2 data-section-id=\"mfmjtc\" data-start=\"477\" data-end=\"516\"><span role=\"text\"><strong data-start=\"479\" data-end=\"514\">T\u00e9rminos y condiciones de la membres\u00eda de Everclean<\/strong><\/span><\/h2>\n<h1 data-section-id=\"1q6bdw0\" data-start=\"0\" data-end=\"24\">T\u00e9rminos y condiciones<\/h1>\n<p data-start=\"25\" data-end=\"81\"><strong data-start=\"25\" data-end=\"47\">Lavado de autos Everclean<\/strong><br data-start=\"47\" data-end=\"50\" \/><em data-start=\"50\" data-end=\"81\">Fecha de entrada en vigor: 28\/04\/2026<\/em><\/p>\n<p data-start=\"83\" data-end=\"352\">Estos T\u00e9rminos y Condiciones (\u201cT\u00e9rminos\u201d) rigen la compra de servicios, la inscripci\u00f3n como miembro y el uso de Everclean Car Wash (\u201cEverclean\u201d, \u201cla Compa\u00f1\u00eda\u201d, \u201cnosotros\u201d, \u201cnuestro\u201d o \u201cnos\u201d). Al comprar un lavado, inscribirse como miembro o utilizar nuestros servicios, usted acepta estos T\u00e9rminos.<\/p>\n<p data-start=\"354\" data-end=\"433\">Si no est\u00e1 de acuerdo con estos T\u00e9rminos, por favor no compre ni utilice nuestros servicios.<\/p>\n<hr data-start=\"435\" data-end=\"438\" \/>\n<h2 data-section-id=\"h2il6c\" data-start=\"440\" data-end=\"454\">1. Servicios<\/h2>\n<p data-start=\"456\" data-end=\"602\">Everclean Car Wash ofrece paquetes de lavado individual, membres\u00edas de lavado ilimitado, planes prepago, promociones y servicios relacionados, seg\u00fan la ubicaci\u00f3n.<\/p>\n<p data-start=\"604\" data-end=\"724\">Los servicios, los precios, los horarios de atenci\u00f3n, los paquetes de lavado y la disponibilidad pueden variar seg\u00fan la ubicaci\u00f3n y pueden estar sujetos a cambios en cualquier momento.<\/p>\n<p data-start=\"726\" data-end=\"887\">Nos reservamos el derecho de cerrar temporalmente debido a condiciones clim\u00e1ticas adversas, mantenimiento, problemas con los equipos, d\u00edas festivos, falta de personal u otras circunstancias ajenas a nuestro control.<\/p>\n<hr data-start=\"889\" data-end=\"892\" \/>\n<h2 data-section-id=\"gf9738\" data-start=\"894\" data-end=\"926\">2. Planes de membres\u00eda ilimitada<\/h2>\n<p data-start=\"928\" data-end=\"1079\">Las membres\u00edas ilimitadas son planes mensuales recurrentes que permiten que un veh\u00edculo registrado reciba lavados, sujetos al nivel del plan y a la disponibilidad en la ubicaci\u00f3n.<\/p>\n<p data-start=\"1081\" data-end=\"1164\">Los beneficios de la membres\u00eda se aplican \u00fanicamente al veh\u00edculo inscrito asociado a la cuenta.<\/p>\n<p data-start=\"1166\" data-end=\"1289\">Las membres\u00edas no se pueden compartir, transferir, revender ni utilizar con fines comerciales a menos que Everclean lo apruebe expresamente.<\/p>\n<hr data-start=\"1291\" data-end=\"1294\" \/>\n<h2 data-section-id=\"1rvnlb0\" data-start=\"1296\" data-end=\"1326\">3. Facturaci\u00f3n y renovaci\u00f3n autom\u00e1tica<\/h2>\n<p data-start=\"1328\" data-end=\"1457\">Al suscribirse a una membres\u00eda mensual, usted autoriza a Everclean a cargar el importe correspondiente a su m\u00e9todo de pago designado cada mes hasta que cancele la suscripci\u00f3n.<\/p>\n<p data-start=\"1459\" data-end=\"1617\">La facturaci\u00f3n suele realizarse cada mes en la fecha de inscripci\u00f3n original. Si esa fecha no coincide con un mes determinado, la facturaci\u00f3n se realizar\u00e1 en la fecha disponible m\u00e1s cercana.<\/p>\n<p data-start=\"1619\" data-end=\"1709\">Los pagos fallidos o rechazados pueden conllevar la suspensi\u00f3n o cancelaci\u00f3n del acceso como miembro.<\/p>\n<hr data-start=\"1711\" data-end=\"1714\" \/>\n<h2 data-section-id=\"1604zm0\" data-start=\"1716\" data-end=\"1741\">4. Pol\u00edtica de cancelaci\u00f3n<\/h2>\n<p data-start=\"1743\" data-end=\"1786\">Las suscripciones pueden cancelarse en cualquier momento mediante:<\/p>\n<ul data-start=\"1788\" data-end=\"1936\">\n<li data-section-id=\"dw28h6\" data-start=\"1788\" data-end=\"1822\">Visitar una ubicaci\u00f3n de Everclean<\/li>\n<li data-section-id=\"ts6znl\" data-start=\"1823\" data-end=\"1851\">Llamar al servicio de atenci\u00f3n al cliente<\/li>\n<li data-section-id=\"2mcu5d\" data-start=\"1852\" data-end=\"1891\">Utilizar la aplicaci\u00f3n m\u00f3vil (si est\u00e1 disponible)<\/li>\n<li data-section-id=\"1ju6s28\" data-start=\"1892\" data-end=\"1936\">Enviar una solicitud a trav\u00e9s de nuestro sitio web<\/li>\n<\/ul>\n<p data-start=\"1938\" data-end=\"2051\">Las solicitudes de cancelaci\u00f3n deben recibirse al menos <strong data-start=\"1986\" data-end=\"2025\">7 d\u00edas antes de la pr\u00f3xima fecha de facturaci\u00f3n<\/strong> para evitar el pr\u00f3ximo cargo.<\/p>\n<p data-start=\"2053\" data-end=\"2121\">No se emitir\u00e1n reembolsos parciales mensuales una vez procesada la facturaci\u00f3n.<\/p>\n<hr data-start=\"2123\" data-end=\"2126\" \/>\n<h2 data-section-id=\"laqx68\" data-start=\"2128\" data-end=\"2147\">5. Pol\u00edtica de reembolso<\/h2>\n<p data-start=\"2149\" data-end=\"2174\">Todas las ventas de lavado son definitivas.<\/p>\n<p data-start=\"2176\" data-end=\"2302\">Las cuotas de membres\u00eda no son reembolsables una vez procesadas, excepto cuando lo exija la ley o lo apruebe Everclean a su entera discreci\u00f3n.<\/p>\n<p data-start=\"2304\" data-end=\"2395\">Los lavados no utilizados o los per\u00edodos de membres\u00eda utilizados parcialmente no son elegibles para reembolsos o cr\u00e9ditos.<\/p>\n<hr data-start=\"2397\" data-end=\"2400\" \/>\n<h2 data-section-id=\"1vom0ss\" data-start=\"2402\" data-end=\"2446\">6. Mensajes de texto y comunicaciones por correo electr\u00f3nico<\/h2>\n<p data-start=\"2448\" data-end=\"2615\">Al suscribirse a un paquete de lavado, membres\u00eda, promoci\u00f3n o cuenta, puede dar su consentimiento para recibir comunicaciones transaccionales y de marketing por SMS y correo electr\u00f3nico.<\/p>\n<p data-start=\"2617\" data-end=\"2652\">Los mensajes transaccionales pueden incluir:<\/p>\n<ul data-start=\"2654\" data-end=\"2767\">\n<li data-section-id=\"1py9be2\" data-start=\"2654\" data-end=\"2673\">Avisos de facturaci\u00f3n<\/li>\n<li data-section-id=\"y1jg6j\" data-start=\"2674\" data-end=\"2693\">Actualizaciones de la cuenta<\/li>\n<li data-section-id=\"16r63qf\" data-start=\"2694\" data-end=\"2718\">Recordatorios de membres\u00eda<\/li>\n<li data-section-id=\"1sqlotk\" data-start=\"2719\" data-end=\"2737\">alertas de servicio<\/li>\n<li data-section-id=\"imt76j\" data-start=\"2738\" data-end=\"2767\">Confirmaciones de citas<\/li>\n<\/ul>\n<p data-start=\"2769\" data-end=\"2800\">Los mensajes de marketing pueden incluir:<\/p>\n<ul data-start=\"2802\" data-end=\"2880\">\n<li data-section-id=\"1d5yunc\" data-start=\"2802\" data-end=\"2816\">Promociones<\/li>\n<li data-section-id=\"1r099om\" data-start=\"2817\" data-end=\"2830\">Descuentos<\/li>\n<li data-section-id=\"j8fj0b\" data-start=\"2831\" data-end=\"2860\">Anuncios de nuevos servicios<\/li>\n<li data-section-id=\"nk7ngr\" data-start=\"2861\" data-end=\"2880\">Ofertas de temporada<\/li>\n<\/ul>\n<p data-start=\"2882\" data-end=\"2951\">El consentimiento para recibir mensajes de marketing no es una condici\u00f3n de compra.<\/p>\n<p data-start=\"2953\" data-end=\"3053\">Puede optar por no recibir marketing por SMS en cualquier momento respondiendo <strong data-start=\"3010\" data-end=\"3018\">DETENER<\/strong>Pueden aplicarse tarifas de mensajes y datos.<\/p>\n<hr data-start=\"3055\" data-end=\"3058\" \/>\n<h2 data-section-id=\"z3xxoc\" data-start=\"3060\" data-end=\"3076\">7. Promociones<\/h2>\n<p data-start=\"3078\" data-end=\"3172\">Las ofertas promocionales est\u00e1n sujetas a fechas de vencimiento, disponibilidad y establecimientos participantes.<\/p>\n<p data-start=\"3174\" data-end=\"3229\">Las promociones no son acumulables a menos que se indique expresamente.<\/p>\n<p data-start=\"3231\" data-end=\"3303\">Everclean se reserva el derecho de modificar o cancelar las promociones en cualquier momento.<\/p>\n<hr data-start=\"3305\" data-end=\"3308\" \/>\n<h2 data-section-id=\"1oe32jj\" data-start=\"3310\" data-end=\"3360\">8. Elegibilidad del veh\u00edculo y uso bajo su propio riesgo.<\/h2>\n<p data-start=\"3362\" data-end=\"3463\">Los clientes son responsables de asegurarse de que su veh\u00edculo sea seguro y apto para los sistemas de lavado automatizados.<\/p>\n<p data-start=\"3465\" data-end=\"3505\">No utilice el lavado si su veh\u00edculo tiene:<\/p>\n<ul data-start=\"3507\" data-end=\"3689\">\n<li data-section-id=\"5huvjk\" data-start=\"3507\" data-end=\"3521\">Recorte suelto<\/li>\n<li data-section-id=\"kib9x9\" data-start=\"3522\" data-end=\"3540\">espejos rotos<\/li>\n<li data-section-id=\"1qfddaz\" data-start=\"3541\" data-end=\"3567\">Accesorios no seguros<\/li>\n<li data-section-id=\"4k60hs\" data-start=\"3568\" data-end=\"3592\">Da\u00f1os corporales preexistentes<\/li>\n<li data-section-id=\"15hgkcu\" data-start=\"3593\" data-end=\"3629\">Neum\u00e1ticos de gran tama\u00f1o o modificaciones<\/li>\n<li data-section-id=\"1man8ys\" data-start=\"3630\" data-end=\"3644\">Carga en el techo<\/li>\n<li data-section-id=\"gjrc97\" data-start=\"3645\" data-end=\"3689\">Los enganches de remolque causan problemas de espacio libre.<\/li>\n<\/ul>\n<p data-start=\"3691\" data-end=\"3877\">Everclean no se responsabiliza de los da\u00f1os derivados de condiciones preexistentes, piezas sueltas, accesorios no originales, uso inadecuado del veh\u00edculo o incumplimiento de las instrucciones del personal.<\/p>\n<hr data-start=\"3879\" data-end=\"3882\" \/>\n<h2 data-section-id=\"8m39as\" data-start=\"3884\" data-end=\"3913\">9. Limitaci\u00f3n de responsabilidad<\/h2>\n<p data-start=\"3915\" data-end=\"4069\">En la m\u00e1xima medida permitida por la ley, Everclean no ser\u00e1 responsable de los da\u00f1os indirectos, incidentales o consecuentes que surjan del uso de nuestros servicios.<\/p>\n<p data-start=\"4071\" data-end=\"4192\">Nuestra responsabilidad m\u00e1xima por cualquier reclamaci\u00f3n no exceder\u00e1 el importe pagado por el cliente por el servicio espec\u00edfico en cuesti\u00f3n.<\/p>\n<hr data-start=\"4194\" data-end=\"4197\" \/>\n<h2 data-section-id=\"1kds914\" data-start=\"4199\" data-end=\"4219\">10. Reclamaciones por da\u00f1os<\/h2>\n<p data-start=\"4221\" data-end=\"4342\">Cualquier reclamaci\u00f3n por da\u00f1os debe comunicarse a la gerencia en el lugar. <strong data-start=\"4276\" data-end=\"4307\">antes de abandonar las instalaciones<\/strong> o dentro <strong data-start=\"4318\" data-end=\"4330\">24 horas<\/strong> de servicio.<\/p>\n<p data-start=\"4344\" data-end=\"4423\">Las reclamaciones pueden requerir inspecci\u00f3n, fotograf\u00edas y revisi\u00f3n de grabaciones de vigilancia.<\/p>\n<p data-start=\"4425\" data-end=\"4486\">Si no se informa con prontitud, la reclamaci\u00f3n puede ser denegada.<\/p>\n<hr data-start=\"4488\" data-end=\"4491\" \/>\n<h2 data-section-id=\"bgo9hz\" data-start=\"4493\" data-end=\"4516\">11. Exactitud de las cuentas<\/h2>\n<p data-start=\"4518\" data-end=\"4601\">Los clientes son responsables de mantener actualizada su informaci\u00f3n de contacto y de pago.<\/p>\n<p data-start=\"4603\" data-end=\"4709\">Everclean no se responsabiliza de los avisos fallidos ni de los problemas de facturaci\u00f3n causados por informaci\u00f3n desactualizada del cliente.<\/p>\n<hr data-start=\"4711\" data-end=\"4714\" \/>\n<h2 data-section-id=\"1shlgtq\" data-start=\"4716\" data-end=\"4730\">12. Privacidad<\/h2>\n<p data-start=\"4732\" data-end=\"4812\">La informaci\u00f3n del cliente se gestiona de acuerdo con la Pol\u00edtica de Privacidad de Everclean.<\/p>\n<hr data-start=\"4814\" data-end=\"4817\" \/>\n<h2 data-section-id=\"1hogpga\" data-start=\"4819\" data-end=\"4842\">13. Cambios en los T\u00e9rminos<\/h2>\n<p data-start=\"4844\" data-end=\"4970\">Everclean podr\u00e1 actualizar estos T\u00e9rminos en cualquier momento. Los T\u00e9rminos actualizados entrar\u00e1n en vigor al publicarse en l\u00ednea o en los establecimientos participantes.<\/p>\n<p data-start=\"4972\" data-end=\"5035\">El uso continuado de los servicios tras las actualizaciones implica su aceptaci\u00f3n.<\/p>\n<hr data-start=\"5037\" data-end=\"5040\" \/>\n<h2 data-section-id=\"wni4iw\" data-start=\"5042\" data-end=\"5059\">14. Cont\u00e1ctanos<\/h2>\n<p data-start=\"5061\" data-end=\"5170\">Lavado de autos Everclean<br data-start=\"5859\" data-end=\"5862\" \/>818 W. Northwest Hwy, Arlington Heights, IL 60004<br \/>\n<span class=\"s1\">224-208-5045<br \/>\n<\/span>desarrolladores@evercleancw.com<\/p>\n<\/div>\n<\/div>\n<\/div>\n<\/div>","protected":false},"excerpt":{"rendered":"<p>Everclean Membership Terms &amp; Conditions Terms and Conditions Everclean Car WashEffective Date: 4\/28\/2026 These Terms and Conditions (\u201cTerms\u201d) govern your purchase of services, membership enrollment, and use of Everclean Car Wash (\u201cEverclean,\u201d \u201cCompany,\u201d \u201cwe,\u201d \u201cour,\u201d or \u201cus\u201d). By purchasing a&hellip;<\/p>","protected":false},"author":3,"featured_media":0,"parent":0,"menu_order":0,"comment_status":"closed","ping_status":"closed","template":"","meta":{"om_disable_all_campaigns":false,"_monsterinsights_skip_tracking":false,"_monsterinsights_sitenote_active":false,"_monsterinsights_sitenote_note":"","_monsterinsights_sitenote_category":0,"footnotes":""},"class_list":["post-5095","page","type-page","status-publish","hentry","entry","no-media"],"aioseo_notices":[],"_links":{"self":[{"href":"https:\/\/evercleancw.com\/es\/wp-json\/wp\/v2\/pages\/5095","targetHints":{"allow":["GET"]}}],"collection":[{"href":"https:\/\/evercleancw.com\/es\/wp-json\/wp\/v2\/pages"}],"about":[{"href":"https:\/\/evercleancw.com\/es\/wp-json\/wp\/v2\/types\/page"}],"author":[{"embeddable":true,"href":"https:\/\/evercleancw.com\/es\/wp-json\/wp\/v2\/users\/3"}],"replies":[{"embeddable":true,"href":"https:\/\/evercleancw.com\/es\/wp-json\/wp\/v2\/comments?post=5095"}],"version-history":[{"count":3,"href":"https:\/\/evercleancw.com\/es\/wp-json\/wp\/v2\/pages\/5095\/revisions"}],"predecessor-version":[{"id":5114,"href":"https:\/\/evercleancw.com\/es\/wp-json\/wp\/v2\/pages\/5095\/revisions\/5114"}],"wp:attachment":[{"href":"https:\/\/evercleancw.com\/es\/wp-json\/wp\/v2\/media?parent=5095"}],"curies":[{"name":"wp","href":"https:\/\/api.w.org\/{rel}","templated":true}]}}