{"id":5085,"date":"2026-03-25T10:04:05","date_gmt":"2026-03-25T16:04:05","guid":{"rendered":"https:\/\/evercleancw.com\/?page_id=5085"},"modified":"2026-03-25T10:05:04","modified_gmt":"2026-03-25T16:05:04","slug":"account-deletion","status":"publish","type":"page","link":"https:\/\/evercleancw.com\/es\/account-deletion\/","title":{"rendered":"Account Deletion"},"content":{"rendered":"<h2>Eliminar cuenta en la aplicaci\u00f3n de lavado de autos Everclean<\/h2>\n<p><span dir=\"ltr\" role=\"presentation\">Eliminar tu cuenta eliminar\u00e1 por completo los siguientes datos:<\/span><br role=\"presentation\" \/><span dir=\"ltr\" role=\"presentation\">-Tu(s) m\u00e9todo(s) de pago<\/span><br role=\"presentation\" \/><span dir=\"ltr\" role=\"presentation\">-Tu fecha de nacimiento<\/span><br role=\"presentation\" \/><span dir=\"ltr\" role=\"presentation\">-Tu contrase\u00f1a<\/span><br role=\"presentation\" \/><span dir=\"ltr\" role=\"presentation\">-Tu informaci\u00f3n de contacto de cualquier campa\u00f1a de marketing<\/span><\/p>\n<p><span dir=\"ltr\" role=\"presentation\">Se podr\u00e1 conservar una cantidad limitada de datos de la actividad de la cuenta con fines de informaci\u00f3n financiera y auditor\u00eda.<\/span><br role=\"presentation\" \/><span dir=\"ltr\" role=\"presentation\">Puedes eliminar tu cuenta de la aplicaci\u00f3n m\u00f3vil siguiendo los pasos que se indican a continuaci\u00f3n. <\/span><\/p>\n<p><span dir=\"ltr\" role=\"presentation\">Antes de poder eliminar tu cuenta, debes<\/span><br role=\"presentation\" \/><span dir=\"ltr\" role=\"presentation\">Primero debe cancelar cualquier membres\u00eda activa asociada a su cuenta. Env\u00edenos un correo electr\u00f3nico o ll\u00e1menos a developer@evercleancw.com si <\/span><span dir=\"ltr\" role=\"presentation\">Necesitas ayuda.<\/span><\/p>\n<p><span dir=\"ltr\" role=\"presentation\">Pasos para eliminar tu cuenta:<\/span><br role=\"presentation\" \/><span dir=\"ltr\" role=\"presentation\">1.<\/span> <span dir=\"ltr\" role=\"presentation\">Haz clic en el men\u00fa de tres puntos &quot;M\u00e1s&quot; que se encuentra en la parte inferior derecha de la aplicaci\u00f3n.<\/span><br role=\"presentation\" \/><span dir=\"ltr\" role=\"presentation\">2.<\/span> <span dir=\"ltr\" role=\"presentation\">En el men\u00fa &quot;M\u00e1s&quot;, haga clic en &quot;Configuraci\u00f3n de usuario&quot;.<br \/>\n3. Haz clic en \u201cEliminar mi cuenta\u201d y luego en \u201cConfirmar\u201d.<\/span><\/p>","protected":false},"excerpt":{"rendered":"<p>Deleting Account in Everclean Car Wash APP Deleting your account will completely remove the following data:-Your payment method(s)-Your birthdate-Your password-Your contact information from any marketing campaigns Limited account activity data may be retained for financial reporting and audit purposes.You may&hellip;<\/p>","protected":false},"author":3,"featured_media":0,"parent":0,"menu_order":0,"comment_status":"closed","ping_status":"closed","template":"","meta":{"om_disable_all_campaigns":false,"_monsterinsights_skip_tracking":false,"_monsterinsights_sitenote_active":false,"_monsterinsights_sitenote_note":"","_monsterinsights_sitenote_category":0,"footnotes":""},"class_list":["post-5085","page","type-page","status-publish","hentry","entry","no-media"],"aioseo_notices":[],"_links":{"self":[{"href":"https:\/\/evercleancw.com\/es\/wp-json\/wp\/v2\/pages\/5085","targetHints":{"allow":["GET"]}}],"collection":[{"href":"https:\/\/evercleancw.com\/es\/wp-json\/wp\/v2\/pages"}],"about":[{"href":"https:\/\/evercleancw.com\/es\/wp-json\/wp\/v2\/types\/page"}],"author":[{"embeddable":true,"href":"https:\/\/evercleancw.com\/es\/wp-json\/wp\/v2\/users\/3"}],"replies":[{"embeddable":true,"href":"https:\/\/evercleancw.com\/es\/wp-json\/wp\/v2\/comments?post=5085"}],"version-history":[{"count":4,"href":"https:\/\/evercleancw.com\/es\/wp-json\/wp\/v2\/pages\/5085\/revisions"}],"predecessor-version":[{"id":5089,"href":"https:\/\/evercleancw.com\/es\/wp-json\/wp\/v2\/pages\/5085\/revisions\/5089"}],"wp:attachment":[{"href":"https:\/\/evercleancw.com\/es\/wp-json\/wp\/v2\/media?parent=5085"}],"curies":[{"name":"wp","href":"https:\/\/api.w.org\/{rel}","templated":true}]}}