{"id":5072,"date":"2026-03-25T09:18:05","date_gmt":"2026-03-25T15:18:05","guid":{"rendered":"https:\/\/evercleancw.com\/?page_id=5072"},"modified":"2026-04-28T12:28:17","modified_gmt":"2026-04-28T18:28:17","slug":"privacy-policy-info","status":"publish","type":"page","link":"https:\/\/evercleancw.com\/es\/privacy-policy-info\/","title":{"rendered":"pol\u00edtica de privacidad"},"content":{"rendered":"<h1 data-section-id=\"mfmjtc\" data-start=\"477\" data-end=\"516\"><span role=\"text\"><strong data-start=\"479\" data-end=\"514\">Lavado de autos Everclean<\/strong><\/span><\/h1>\n<h2 data-section-id=\"15j8u03\" data-start=\"517\" data-end=\"538\"><span role=\"text\"><strong data-start=\"520\" data-end=\"538\">pol\u00edtica de privacidad<\/strong><\/span><\/h2>\n<p data-start=\"540\" data-end=\"564\"><strong data-start=\"540\" data-end=\"564\">\u00daltima actualizaci\u00f3n: 25\/03\/2026<\/strong><\/p>\n<p data-start=\"566\" data-end=\"766\">Everclean Car Wash &amp; Oil Change (\u201cEverclean\u201d, \u201cnosotros\u201d o \u201cnuestro\u201d) respeta su privacidad. Esta Pol\u00edtica de Privacidad explica c\u00f3mo recopilamos, usamos, divulgamos y protegemos su informaci\u00f3n personal cuando usted:<\/p>\n<ul data-start=\"768\" data-end=\"1035\">\n<li data-section-id=\"nknzcd\" data-start=\"768\" data-end=\"811\">Visite nuestro sitio web o aplicaci\u00f3n m\u00f3vil.<\/li>\n<li data-section-id=\"4d7xkp\" data-start=\"812\" data-end=\"865\">Adquiera o mantenga una membres\u00eda o servicio de lavado.<\/li>\n<li data-section-id=\"p7eftt\" data-start=\"866\" data-end=\"909\">Utilice nuestros servicios de lavado de autos o cambio de aceite.<\/li>\n<li data-section-id=\"xg36gi\" data-start=\"910\" data-end=\"981\">Participa en promociones, programas de fidelizaci\u00f3n o campa\u00f1as de marketing.<\/li>\n<li data-section-id=\"p9am5j\" data-start=\"982\" data-end=\"1035\">Interact\u00faa con nosotros en cualquiera de nuestras ubicaciones f\u00edsicas.<\/li>\n<li data-section-id=\"p9am5j\" data-start=\"982\" data-end=\"1035\">El consentimiento para recibir comunicaciones transaccionales y de marketing se obtiene al inscribirse como miembro a trav\u00e9s de la aplicaci\u00f3n m\u00f3vil o en persona mediante un empleado o un formulario de inscripci\u00f3n f\u00edsico. Haga clic aqu\u00ed. <a href=\"https:\/\/drive.google.com\/file\/d\/1J5ljkhBK8Mtu8pC9ddK1sgsd_tUqS-bO\/view?usp=sharing\">aqu\u00ed<\/a> Para obtener una transcripci\u00f3n, haga clic aqu\u00ed. <a href=\"https:\/\/evercleancw.com\/es\/membership-form\/\">aqu\u00ed<\/a> para obtener una copia del formulario.<\/li>\n<\/ul>\n<hr data-start=\"1037\" data-end=\"1040\" \/>\n<h1 data-section-id=\"10ntd09\" data-start=\"1042\" data-end=\"1073\"><span role=\"text\"><strong data-start=\"1044\" data-end=\"1073\">1. INFORMACI\u00d3N QUE RECOPILAMOS<\/strong><\/span><\/h1>\n<p data-start=\"1075\" data-end=\"1130\">Podemos recopilar las siguientes categor\u00edas de informaci\u00f3n:<\/p>\n<h3 data-section-id=\"5nh8ct\" data-start=\"1132\" data-end=\"1171\">A. Informaci\u00f3n personal que usted proporciona<\/h3>\n<ul data-start=\"1172\" data-end=\"1333\">\n<li data-section-id=\"xxwsui\" data-start=\"1172\" data-end=\"1209\">Nombre, direcci\u00f3n de correo electr\u00f3nico, n\u00famero de tel\u00e9fono<\/li>\n<li data-section-id=\"sicu6\" data-start=\"1210\" data-end=\"1245\">Informaci\u00f3n de facturaci\u00f3n y pago<\/li>\n<li data-section-id=\"1o28m89\" data-start=\"1246\" data-end=\"1294\">Datos del veh\u00edculo (marca, modelo, matr\u00edcula)<\/li>\n<li data-section-id=\"1r3pu53\" data-start=\"1295\" data-end=\"1333\">Historial de membres\u00eda y transacciones<\/li>\n<\/ul>\n<h3 data-section-id=\"1pq3u9o\" data-start=\"1335\" data-end=\"1377\">B. Informaci\u00f3n recopilada autom\u00e1ticamente<\/h3>\n<ul data-start=\"1378\" data-end=\"1496\">\n<li data-section-id=\"1upc4h3\" data-start=\"1378\" data-end=\"1426\">Direcci\u00f3n IP, tipo de navegador, informaci\u00f3n del dispositivo<\/li>\n<li data-section-id=\"1r7nnvu\" data-start=\"1427\" data-end=\"1470\">Datos de uso del sitio web (cookies, an\u00e1lisis)<\/li>\n<li data-section-id=\"8z6z8c\" data-start=\"1471\" data-end=\"1496\">Datos de uso de la aplicaci\u00f3n m\u00f3vil<\/li>\n<\/ul>\n<h3 data-section-id=\"lnaal4\" data-start=\"1498\" data-end=\"1532\">C. Datos de ubicaci\u00f3n y operativos<\/h3>\n<ul data-start=\"1533\" data-end=\"1615\">\n<li data-section-id=\"rtho07\" data-start=\"1533\" data-end=\"1573\">Datos de reconocimiento de matr\u00edculas (LPR)<\/li>\n<li data-section-id=\"gph0x4\" data-start=\"1574\" data-end=\"1615\">Im\u00e1genes del veh\u00edculo capturadas en la entrada del lavadero.<\/li>\n<\/ul>\n<h3 data-section-id=\"1iztp5m\" data-start=\"1617\" data-end=\"1643\">D. Informaci\u00f3n de pago<\/h3>\n<ul data-start=\"1644\" data-end=\"1776\">\n<li data-section-id=\"uhn7hc\" data-start=\"1644\" data-end=\"1712\">Los pagos se procesan a trav\u00e9s de procesadores de terceros (por ejemplo, Stripe).<\/li>\n<li data-section-id=\"nf8qf2\" data-start=\"1713\" data-end=\"1776\">Nosotros <strong data-start=\"1718\" data-end=\"1759\">No almacene n\u00fameros completos de tarjetas de cr\u00e9dito.<\/strong> en nuestros sistemas<\/li>\n<\/ul>\n<hr data-start=\"1908\" data-end=\"1911\" \/>\n<h1 data-section-id=\"rusn8l\" data-start=\"1913\" data-end=\"1953\"><span role=\"text\"><strong data-start=\"1915\" data-end=\"1953\">2. RECONOCIMIENTO DE MATR\u00cdCULA (LPR)<\/strong><\/span><\/h1>\n<p data-start=\"1955\" data-end=\"2001\">Los establecimientos Everclean pueden utilizar tecnolog\u00eda LPR para:<\/p>\n<ul data-start=\"2003\" data-end=\"2122\">\n<li data-section-id=\"10np22x\" data-start=\"2003\" data-end=\"2055\">Identificar los veh\u00edculos registrados vinculados a las membres\u00edas<\/li>\n<li data-section-id=\"j0hs8b\" data-start=\"2056\" data-end=\"2093\">Permite una entrada sin interrupciones y con manos libres.<\/li>\n<li data-section-id=\"1d3jltp\" data-start=\"2094\" data-end=\"2122\">Prevenir el fraude y el mal uso<\/li>\n<\/ul>\n<p data-start=\"2124\" data-end=\"2127\">Nosotros:<\/p>\n<ul data-start=\"2128\" data-end=\"2310\">\n<li data-section-id=\"1htln76\" data-start=\"2128\" data-end=\"2191\">Utilizar datos LPR <strong data-start=\"2143\" data-end=\"2189\">\u00fanicamente para fines operativos y de seguridad.<\/strong><\/li>\n<li data-section-id=\"6rh3nu\" data-start=\"2192\" data-end=\"2238\">Hacer <strong data-start=\"2197\" data-end=\"2236\">No utilice LPR para la elaboraci\u00f3n de perfiles de marketing.<\/strong><\/li>\n<li data-section-id=\"1d83cmo\" data-start=\"2239\" data-end=\"2310\">Hacer <strong data-start=\"2244\" data-end=\"2308\">no recopilar identificadores biom\u00e9tricos (por ejemplo, reconocimiento facial)<\/strong><\/li>\n<\/ul>\n<hr data-start=\"2409\" data-end=\"2412\" \/>\n<h1 data-section-id=\"9rev7a\" data-start=\"2414\" data-end=\"2445\"><span role=\"text\"><strong data-start=\"2416\" data-end=\"2445\">3. C\u00d3MO UTILIZAMOS LA INFORMACI\u00d3N<\/strong><\/span><\/h1>\n<p data-start=\"2447\" data-end=\"2472\">Utilizamos los datos recopilados para:<\/p>\n<ul data-start=\"2474\" data-end=\"2826\">\n<li data-section-id=\"o97rh1\" data-start=\"2474\" data-end=\"2521\">Proporcionar y gestionar membres\u00edas y servicios.<\/li>\n<li data-section-id=\"1r6g3bo\" data-start=\"2522\" data-end=\"2558\">Procesar transacciones y facturaci\u00f3n<\/li>\n<li data-section-id=\"1jmnepe\" data-start=\"2559\" data-end=\"2598\">Autenticar clientes y veh\u00edculos<\/li>\n<li data-section-id=\"x3y285\" data-start=\"2599\" data-end=\"2645\">Mejorar las operaciones y la experiencia del cliente.<\/li>\n<li data-section-id=\"1sr1ifs\" data-start=\"2646\" data-end=\"2707\">Comunicarse con los clientes (facturaci\u00f3n, actualizaciones, promociones)<\/li>\n<li data-section-id=\"48t3vl\" data-start=\"2708\" data-end=\"2763\">Administrar campa\u00f1as de marketing y programas de fidelizaci\u00f3n.<\/li>\n<li data-section-id=\"u68qtq\" data-start=\"2764\" data-end=\"2792\">Detectar y prevenir el fraude<\/li>\n<li data-section-id=\"m4gks\" data-start=\"2793\" data-end=\"2826\">Cumplir con las obligaciones legales<\/li>\n<\/ul>\n<hr data-start=\"2828\" data-end=\"2831\" \/>\n<h1 data-section-id=\"tptwjx\" data-start=\"2833\" data-end=\"2860\"><span role=\"text\"><strong data-start=\"2835\" data-end=\"2860\">4. PROCESAMIENTO DE PAGOS<\/strong><\/span><\/h1>\n<p data-start=\"2862\" data-end=\"2941\">Todos los pagos se procesan a trav\u00e9s de proveedores externos seguros (por ejemplo, Stripe).<\/p>\n<ul data-start=\"2943\" data-end=\"3090\">\n<li data-section-id=\"1su6a4h\" data-start=\"2943\" data-end=\"2997\">Everclean no almacena los datos completos de la tarjeta de pago.<\/li>\n<li data-section-id=\"fa8hkn\" data-start=\"2998\" data-end=\"3047\">Los proveedores de pago mantienen el cumplimiento de PCI-DSS.<\/li>\n<li data-section-id=\"1sy12hj\" data-start=\"3048\" data-end=\"3090\">Las transacciones est\u00e1n cifradas y protegidas.<\/li>\n<\/ul>\n<hr data-start=\"3092\" data-end=\"3095\" \/>\n<h1 data-section-id=\"y0oud7\" data-start=\"3097\" data-end=\"3137\"><span role=\"text\"><strong data-start=\"3099\" data-end=\"3137\">5. MENSAJES DE TEXTO Y COMUNICACIONES<\/strong><\/span><\/h1>\n<p data-start=\"3139\" data-end=\"3153\">Si aceptas:<\/p>\n<ul data-start=\"3155\" data-end=\"3270\">\n<li data-section-id=\"1jceztm\" data-start=\"3155\" data-end=\"3199\">Es posible que recibas notificaciones por SMS o a trav\u00e9s de la aplicaci\u00f3n.<\/li>\n<li data-section-id=\"1fes9zx\" data-start=\"3200\" data-end=\"3228\">La frecuencia de los mensajes var\u00eda.<\/li>\n<li data-section-id=\"l2k6nr\" data-start=\"3229\" data-end=\"3270\">Pueden aplicarse tarifas est\u00e1ndar de mensajes\/datos.<\/li>\n<\/ul>\n<p data-start=\"3272\" data-end=\"3300\">Puede darse de baja en cualquier momento:<\/p>\n<ul data-start=\"3301\" data-end=\"3362\">\n<li data-section-id=\"qui4no\" data-start=\"3301\" data-end=\"3326\">Responder <strong data-start=\"3309\" data-end=\"3317\">DETENER<\/strong> para enviar SMS<\/li>\n<li data-section-id=\"ymhqxz\" data-start=\"3327\" data-end=\"3362\">Ajusta la configuraci\u00f3n en tu cuenta.<\/li>\n<\/ul>\n<p>No se compartir\u00e1 informaci\u00f3n m\u00f3vil con terceros\/afiliados con fines de marketing o promoci\u00f3n.<\/p>\n<hr data-start=\"3364\" data-end=\"3367\" \/>\n<h1 data-section-id=\"un21i8\" data-start=\"3369\" data-end=\"3409\"><span role=\"text\"><strong data-start=\"3371\" data-end=\"3409\">6. COOKIES Y TECNOLOG\u00cdAS DE SEGUIMIENTO<\/strong><\/span><\/h1>\n<p data-start=\"3411\" data-end=\"3454\">Utilizamos cookies y tecnolog\u00edas similares para:<\/p>\n<ul data-start=\"3456\" data-end=\"3562\">\n<li data-section-id=\"mfcpki\" data-start=\"3456\" data-end=\"3491\">Gestionar y mejorar nuestro sitio web.<\/li>\n<li data-section-id=\"7f57as\" data-start=\"3492\" data-end=\"3530\">Analizar los patrones de tr\u00e1fico y uso.<\/li>\n<li data-section-id=\"16bg6p5\" data-start=\"3531\" data-end=\"3562\">Personalizar la experiencia del usuario<\/li>\n<\/ul>\n<p data-start=\"3564\" data-end=\"3628\">Podemos utilizar herramientas de an\u00e1lisis de terceros (por ejemplo, Google Analytics).<\/p>\n<p data-start=\"3630\" data-end=\"3757\">Puedes controlar las cookies a trav\u00e9s de la configuraci\u00f3n del navegador, aunque algunas funciones podr\u00edan verse afectadas.<\/p>\n<hr data-start=\"3759\" data-end=\"3762\" \/>\n<h1 data-section-id=\"3ndhek\" data-start=\"3764\" data-end=\"3797\"><span role=\"text\"><strong data-start=\"3766\" data-end=\"3797\">7. C\u00d3MO COMPARTIMOS LA INFORMACI\u00d3N<\/strong><\/span><\/h1>\n<p data-start=\"3799\" data-end=\"3829\">Podemos compartir informaci\u00f3n con:<\/p>\n<ul data-start=\"3831\" data-end=\"4091\">\n<li data-section-id=\"ehxq35\" data-start=\"3831\" data-end=\"3868\">Procesadores de pago (por ejemplo, Stripe)<\/li>\n<li data-section-id=\"1myp73s\" data-start=\"3869\" data-end=\"3911\">Sistemas de punto de venta y de membres\u00eda (por ejemplo, AMP)<\/li>\n<li data-section-id=\"eyck6j\" data-start=\"3912\" data-end=\"3939\">proveedores de alojamiento en la nube<\/li>\n<li data-section-id=\"hruaot\" data-start=\"3940\" data-end=\"3969\">Proveedores de marketing y SMS<\/li>\n<li data-section-id=\"i4acb0\" data-start=\"3970\" data-end=\"3993\">Proveedores de an\u00e1lisis<\/li>\n<li data-section-id=\"wi9bsf\" data-start=\"3994\" data-end=\"4024\">Plataformas de atenci\u00f3n al cliente<\/li>\n<li data-section-id=\"qqe0xw\" data-start=\"4025\" data-end=\"4054\">Servicios de prevenci\u00f3n del fraude<\/li>\n<li data-section-id=\"w8o2b3\" data-start=\"4055\" data-end=\"4091\">Autoridades legales y reguladoras<\/li>\n<\/ul>\n<p data-start=\"4093\" data-end=\"4151\">Nosotros lo hacemos <strong data-start=\"4099\" data-end=\"4150\">No vender informaci\u00f3n personal con fines de lucro.<\/strong>.<br \/>\nNo se compartir\u00e1 informaci\u00f3n m\u00f3vil con terceros\/afiliados con fines de marketing o promoci\u00f3n.<\/p>\n<hr data-start=\"4153\" data-end=\"4156\" \/>\n<h1 data-section-id=\"1w41i8k\" data-start=\"4158\" data-end=\"4181\"><span role=\"text\"><strong data-start=\"4160\" data-end=\"4181\">8. RETENCI\u00d3N DE DATOS<\/strong><\/span><\/h1>\n<p data-start=\"4183\" data-end=\"4205\">Conservamos la informaci\u00f3n:<\/p>\n<ul data-start=\"4207\" data-end=\"4351\">\n<li data-section-id=\"1vz64iq\" data-start=\"4207\" data-end=\"4242\">Mientras su membres\u00eda est\u00e9 activa<\/li>\n<li data-section-id=\"6kh4ne\" data-start=\"4243\" data-end=\"4289\">Durante un per\u00edodo razonable despu\u00e9s de la cancelaci\u00f3n<\/li>\n<li data-section-id=\"xw8460\" data-start=\"4290\" data-end=\"4351\">Seg\u00fan lo exijan las leyes, las necesidades contables o de prevenci\u00f3n de fraudes.<\/li>\n<\/ul>\n<p data-start=\"4353\" data-end=\"4468\">Los datos de los sistemas de reconocimiento de matr\u00edculas se conservan \u00fanicamente durante el tiempo necesario para las operaciones y la seguridad.<\/p>\n<hr data-start=\"4470\" data-end=\"4473\" \/>\n<h1 data-section-id=\"zwzzo7\" data-start=\"4475\" data-end=\"4497\"><span role=\"text\"><strong data-start=\"4477\" data-end=\"4497\">9. SEGURIDAD DE LOS DATOS<\/strong><\/span><\/h1>\n<p data-start=\"4499\" data-end=\"4512\">Implementamos:<\/p>\n<ul data-start=\"4514\" data-end=\"4629\">\n<li data-section-id=\"jyf2ur\" data-start=\"4514\" data-end=\"4543\">salvaguardias administrativas<\/li>\n<li data-section-id=\"1gs9y20\" data-start=\"4544\" data-end=\"4598\">Medidas de protecci\u00f3n t\u00e9cnicas (cifrado, servidores seguros)<\/li>\n<li data-section-id=\"wk078g\" data-start=\"4599\" data-end=\"4629\">Medidas de seguridad f\u00edsica<\/li>\n<\/ul>\n<p data-start=\"4631\" data-end=\"4665\">Sin embargo, ning\u00fan sistema es 100% seguro.<\/p>\n<hr data-start=\"4667\" data-end=\"4670\" \/>\n<h1 data-section-id=\"nzwcs5\" data-start=\"4672\" data-end=\"4703\"><span role=\"text\"><strong data-start=\"4674\" data-end=\"4703\">10. SUS DERECHOS Y OPCIONES<\/strong><\/span><\/h1>\n<p data-start=\"4757\" data-end=\"4783\">Usted podr\u00eda tener derecho a:<\/p>\n<ul data-start=\"4784\" data-end=\"4890\">\n<li data-section-id=\"16myggl\" data-start=\"4784\" data-end=\"4813\">Acceda a sus datos personales<\/li>\n<li data-section-id=\"15cenn3\" data-start=\"4814\" data-end=\"4836\">Solicitar correcci\u00f3n<\/li>\n<li data-section-id=\"1dxhsrx\" data-start=\"4837\" data-end=\"4857\">Solicitar eliminaci\u00f3n<\/li>\n<li data-section-id=\"a6loki\" data-start=\"4858\" data-end=\"4890\">Desactivar ciertos usos de datos<\/li>\n<\/ul>\n<p data-start=\"4892\" data-end=\"4947\">Para realizar una solicitud:<br \/>\n\ud83d\udce7 <span style=\"font-weight: 400;\">desarrolladores@evercleancw.com<\/span><\/p>\n<p data-start=\"4949\" data-end=\"5004\">Es posible que verifiquemos su identidad antes de procesar sus solicitudes.<\/p>\n<hr data-start=\"5006\" data-end=\"5009\" \/>\n<h1 data-section-id=\"159n98i\" data-start=\"5011\" data-end=\"5040\"><span role=\"text\"><strong data-start=\"5013\" data-end=\"5040\">11. MARKETING Y OPCI\u00d3N DE EXCLUSI\u00d3N<\/strong><\/span><\/h1>\n<p data-start=\"5042\" data-end=\"5050\">Puedes:<\/p>\n<ul data-start=\"5051\" data-end=\"5172\">\n<li data-section-id=\"1g0f4ek\" data-start=\"5051\" data-end=\"5087\">Cancelar la suscripci\u00f3n a los correos electr\u00f3nicos a trav\u00e9s del enlace<\/li>\n<li data-section-id=\"1jyhqc8\" data-start=\"5088\" data-end=\"5123\">Para dejar de recibir SMS, responde STOP.<\/li>\n<li data-section-id=\"150p48e\" data-start=\"5124\" data-end=\"5172\">Ajusta las preferencias de marketing en tu cuenta.<\/li>\n<\/ul>\n<hr data-start=\"5174\" data-end=\"5177\" \/>\n<h1 data-section-id=\"1pjvln8\" data-start=\"5179\" data-end=\"5207\"><span role=\"text\"><strong data-start=\"5181\" data-end=\"5207\">12. PRIVACIDAD DE LOS NI\u00d1OS<\/strong><\/span><\/h1>\n<p data-start=\"5209\" data-end=\"5317\">Nuestros servicios son <strong data-start=\"5226\" data-end=\"5263\">No est\u00e1 dirigido a ni\u00f1os menores de 13 a\u00f1os.<\/strong>y no recopilamos sus datos personales a sabiendas.<\/p>\n<hr data-start=\"5319\" data-end=\"5322\" \/>\n<h1 data-section-id=\"1q6c72x\" data-start=\"5324\" data-end=\"5351\"><span role=\"text\"><strong data-start=\"5326\" data-end=\"5351\">13. ENLACES DE TERCEROS<\/strong><\/span><\/h1>\n<p data-start=\"5353\" data-end=\"5411\">Nuestro sitio web o aplicaci\u00f3n puede contener enlaces a sitios de terceros.<\/p>\n<p data-start=\"5413\" data-end=\"5468\">Somos <strong data-start=\"5420\" data-end=\"5439\">no responsable<\/strong> por sus pr\u00e1cticas de privacidad.<\/p>\n<hr data-start=\"5470\" data-end=\"5473\" \/>\n<h1 data-section-id=\"dzv8j7\" data-start=\"5475\" data-end=\"5503\"><span role=\"text\"><strong data-start=\"5477\" data-end=\"5503\">14. TRANSFERENCIAS DE NEGOCIOS<\/strong><\/span><\/h1>\n<p data-start=\"5505\" data-end=\"5521\">En caso de:<\/p>\n<ul data-start=\"5522\" data-end=\"5557\">\n<li data-section-id=\"69kwc3\" data-start=\"5522\" data-end=\"5530\">Venta<\/li>\n<li data-section-id=\"hx9z9e\" data-start=\"5531\" data-end=\"5541\">Fusi\u00f3n<\/li>\n<li data-section-id=\"jjcvs1\" data-start=\"5542\" data-end=\"5557\">Adquisici\u00f3n<\/li>\n<\/ul>\n<p data-start=\"5559\" data-end=\"5619\">Los datos de los clientes pueden transferirse como parte de los activos de la empresa.<\/p>\n<hr data-start=\"5621\" data-end=\"5624\" \/>\n<h1 data-section-id=\"13bgopw\" data-start=\"5626\" data-end=\"5658\"><span role=\"text\"><strong data-start=\"5628\" data-end=\"5658\">15. CAMBIOS A ESTA POL\u00cdTICA<\/strong><\/span><\/h1>\n<p data-start=\"5660\" data-end=\"5707\">Es posible que actualicemos esta Pol\u00edtica de Privacidad peri\u00f3dicamente.<\/p>\n<ul data-start=\"5709\" data-end=\"5790\">\n<li data-section-id=\"1r59reg\" data-start=\"5709\" data-end=\"5750\">Las actualizaciones se publicar\u00e1n en nuestro sitio web.<\/li>\n<li data-section-id=\"1so785d\" data-start=\"5751\" data-end=\"5790\">La fecha de \u201c\u00daltima actualizaci\u00f3n\u201d ser\u00e1 revisada.<\/li>\n<\/ul>\n<hr data-start=\"5792\" data-end=\"5795\" \/>\n<h1 data-section-id=\"1xl70kj\" data-start=\"5797\" data-end=\"5826\"><span role=\"text\"><strong data-start=\"5799\" data-end=\"5826\">16. INFORMACI\u00d3N DE CONTACTO<\/strong><\/span><\/h1>\n<p data-start=\"5828\" data-end=\"5893\">Lavado de autos Everclean<br data-start=\"5859\" data-end=\"5862\" \/>818 W. Northwest Hwy, Arlington Heights, IL 60004<br \/>\n<span class=\"s1\">224-208-5045<br \/>\n<\/span><span style=\"font-weight: 400;\">desarrolladores@evercleancw.com<\/span><\/p>","protected":false},"excerpt":{"rendered":"<p>Everclean Car Wash Privacy Policy Last Updated: 3\/25\/2026 Everclean Car Wash &amp; Oil Change (\u201cEverclean,\u201d \u201cwe,\u201d \u201cus,\u201d or \u201cour\u201d) respects your privacy. This Privacy Policy explains how we collect, use, disclose, and safeguard your personal information when you: Visit our&hellip;<\/p>","protected":false},"author":3,"featured_media":0,"parent":0,"menu_order":0,"comment_status":"closed","ping_status":"closed","template":"","meta":{"om_disable_all_campaigns":false,"_monsterinsights_skip_tracking":false,"_monsterinsights_sitenote_active":false,"_monsterinsights_sitenote_note":"","_monsterinsights_sitenote_category":0,"footnotes":""},"class_list":["post-5072","page","type-page","status-publish","hentry","entry","no-media"],"aioseo_notices":[],"_links":{"self":[{"href":"https:\/\/evercleancw.com\/es\/wp-json\/wp\/v2\/pages\/5072","targetHints":{"allow":["GET"]}}],"collection":[{"href":"https:\/\/evercleancw.com\/es\/wp-json\/wp\/v2\/pages"}],"about":[{"href":"https:\/\/evercleancw.com\/es\/wp-json\/wp\/v2\/types\/page"}],"author":[{"embeddable":true,"href":"https:\/\/evercleancw.com\/es\/wp-json\/wp\/v2\/users\/3"}],"replies":[{"embeddable":true,"href":"https:\/\/evercleancw.com\/es\/wp-json\/wp\/v2\/comments?post=5072"}],"version-history":[{"count":5,"href":"https:\/\/evercleancw.com\/es\/wp-json\/wp\/v2\/pages\/5072\/revisions"}],"predecessor-version":[{"id":5113,"href":"https:\/\/evercleancw.com\/es\/wp-json\/wp\/v2\/pages\/5072\/revisions\/5113"}],"wp:attachment":[{"href":"https:\/\/evercleancw.com\/es\/wp-json\/wp\/v2\/media?parent=5072"}],"curies":[{"name":"wp","href":"https:\/\/api.w.org\/{rel}","templated":true}]}}