{"id":4654,"date":"2024-01-22T11:43:32","date_gmt":"2024-01-22T17:43:32","guid":{"rendered":"https:\/\/evercleancw.com\/?page_id=4654"},"modified":"2024-09-18T10:38:31","modified_gmt":"2024-09-18T16:38:31","slug":"petwash","status":"publish","type":"page","link":"https:\/\/evercleancw.com\/es\/petwash\/","title":{"rendered":"Lavado de mascotas"},"content":{"rendered":"<div data-vc-full-width=\"true\" data-vc-full-width-init=\"false\" class=\"vc_row wpb_row vc_row-fluid vc_custom_1705947625050 wpex-vc_row-has-fill wpex-vc-row-stretched\"><div class=\"wpb_column vc_column_container vc_col-sm-2\/5\"><div class=\"vc_column-inner\"><div class=\"wpb_wrapper\">\n\t<div class=\"wpb_text_column wpb_content_element\" >\n\t\t<div class=\"wpb_wrapper\">\n\t\t\t<h2 class=\"uppercase\">EVERCLEAN BARTLETT<br \/>\n<span class=\"sky\">LAVADO DE MASCOTAS<\/span><\/h2>\n<p>1440 Illinois Ruta 59, Bartlett, IL 60103<br \/>\n<span aria-label=\"Llamar al n\u00famero de tel\u00e9fono (630) 800-5335\">(630) 800-5335<br \/>\n<a href=\"https:\/\/maps.app.goo.gl\/e7GuB1UJB242vxnDA\">Obtener direcciones<\/a><\/span><\/p>\n\n\t\t<\/div>\n\t<\/div>\n<\/div><\/div><\/div><div class=\"wpb_column vc_column_container vc_col-sm-3\/5\"><div class=\"vc_column-inner\"><div class=\"wpb_wrapper\"><div class=\"vc_empty_space  vc_custom_1705945926536\"   style=\"height: 32px\"><span class=\"vc_empty_space_inner\"><\/span><\/div><\/div><\/div><\/div><\/div><div class=\"vc_row-full-width vc_clearfix\"><\/div><div class=\"vc_row wpb_row vc_row-fluid\"><div class=\"wpb_column vc_column_container vc_col-sm-12\"><div class=\"vc_column-inner\"><div class=\"wpb_wrapper\"><div class=\"vc_empty_space\"   style=\"height: 32px\"><span class=\"vc_empty_space_inner\"><\/span><\/div>\n\t<div class=\"wpb_text_column wpb_content_element\" >\n\t\t<div class=\"wpb_wrapper\">\n\t\t\t<p style=\"text-align: center;\"><strong>Horas:<\/strong><br \/>\nLunes a viernes: 8 a. m. a 7 p. m.<br \/>\nDomingo: 8 am - 4 pm<\/p>\n\n\t\t<\/div>\n\t<\/div>\n<div class=\"vc_empty_space\"   style=\"height: 32px\"><span class=\"vc_empty_space_inner\"><\/span><\/div><div class=\"vc_row wpb_row vc_inner vc_row-fluid\"><div class=\"wpb_column vc_column_container vc_col-sm-4\"><div class=\"vc_column-inner\"><div class=\"wpb_wrapper\"><\/div><\/div><\/div><div class=\"wpb_column vc_column_container vc_col-sm-4\"><div class=\"vc_column-inner\"><div class=\"wpb_wrapper\">\n\t<div  class=\"wpb_single_image wpb_content_element vc_align_\">\n\t\t\n\t\t<figure class=\"wpb_wrapper vc_figure\">\n\t\t\t<div class=\"vc_single_image-wrapper vc_box_shadow  vc_box_border_grey\"><img loading=\"lazy\" decoding=\"async\" width=\"917\" height=\"500\" src=\"https:\/\/evercleancw.com\/wp-content\/uploads\/2024\/01\/Pet-Wash-Web-Images_220x120-01.png\" class=\"vc_single_image-img attachment-full\" alt=\"\" srcset=\"https:\/\/evercleancw.com\/wp-content\/uploads\/2024\/01\/Pet-Wash-Web-Images_220x120-01.png 917w, https:\/\/evercleancw.com\/wp-content\/uploads\/2024\/01\/Pet-Wash-Web-Images_220x120-01-300x164.png 300w, https:\/\/evercleancw.com\/wp-content\/uploads\/2024\/01\/Pet-Wash-Web-Images_220x120-01-768x419.png 768w\" sizes=\"auto, (max-width: 917px) 100vw, 917px\" \/><\/div>\n\t\t<\/figure>\n\t<\/div>\n<\/div><\/div><\/div><div class=\"wpb_column vc_column_container vc_col-sm-4\"><div class=\"vc_column-inner\"><div class=\"wpb_wrapper\"><\/div><\/div><\/div><\/div>\n\t<div class=\"wpb_text_column wpb_content_element\" >\n\t\t<div class=\"wpb_wrapper\">\n\t\t\t<p style=\"text-align: center;\">Ba\u00f1e a sus mascotas c\u00f3modamente en nuestra sucursal de Bartlett. Pague una tarifa \u00fanica o reg\u00edstrese con una membres\u00eda mensual.<br \/>\nSe proporciona lo siguiente:<\/p>\n\n\t\t<\/div>\n\t<\/div>\n<div class=\"vc_empty_space\"   style=\"height: 32px\"><span class=\"vc_empty_space_inner\"><\/span><\/div><div class=\"vc_row wpb_row vc_inner vc_row-fluid\"><div class=\"wpb_column vc_column_container vc_col-sm-3\"><div class=\"vc_column-inner\"><div class=\"wpb_wrapper\">\n\t<div  class=\"wpb_single_image wpb_content_element vc_align_\">\n\t\t\n\t\t<figure class=\"wpb_wrapper vc_figure\">\n\t\t\t<div class=\"vc_single_image-wrapper vc_box_shadow  vc_box_border_grey\"><img loading=\"lazy\" decoding=\"async\" width=\"496\" height=\"542\" src=\"https:\/\/evercleancw.com\/wp-content\/uploads\/2024\/01\/Pet-Wash-Web-Images_119x130-02.png\" class=\"vc_single_image-img attachment-full\" alt=\"\" srcset=\"https:\/\/evercleancw.com\/wp-content\/uploads\/2024\/01\/Pet-Wash-Web-Images_119x130-02.png 496w, https:\/\/evercleancw.com\/wp-content\/uploads\/2024\/01\/Pet-Wash-Web-Images_119x130-02-275x300.png 275w\" sizes=\"auto, (max-width: 496px) 100vw, 496px\" \/><\/div>\n\t\t<\/figure>\n\t<\/div>\n<\/div><\/div><\/div><div class=\"wpb_column vc_column_container vc_col-sm-3\"><div class=\"vc_column-inner\"><div class=\"wpb_wrapper\">\n\t<div  class=\"wpb_single_image wpb_content_element vc_align_\">\n\t\t\n\t\t<figure class=\"wpb_wrapper vc_figure\">\n\t\t\t<div class=\"vc_single_image-wrapper vc_box_shadow  vc_box_border_grey\"><img loading=\"lazy\" decoding=\"async\" width=\"496\" height=\"542\" src=\"https:\/\/evercleancw.com\/wp-content\/uploads\/2024\/01\/Pet-Wash-Web-Images_119x130-04.png\" class=\"vc_single_image-img attachment-full\" alt=\"\" srcset=\"https:\/\/evercleancw.com\/wp-content\/uploads\/2024\/01\/Pet-Wash-Web-Images_119x130-04.png 496w, https:\/\/evercleancw.com\/wp-content\/uploads\/2024\/01\/Pet-Wash-Web-Images_119x130-04-275x300.png 275w\" sizes=\"auto, (max-width: 496px) 100vw, 496px\" \/><\/div>\n\t\t<\/figure>\n\t<\/div>\n<\/div><\/div><\/div><div class=\"wpb_column vc_column_container vc_col-sm-3\"><div class=\"vc_column-inner\"><div class=\"wpb_wrapper\">\n\t<div  class=\"wpb_single_image wpb_content_element vc_align_\">\n\t\t\n\t\t<figure class=\"wpb_wrapper vc_figure\">\n\t\t\t<div class=\"vc_single_image-wrapper vc_box_shadow  vc_box_border_grey\"><img loading=\"lazy\" decoding=\"async\" width=\"496\" height=\"542\" src=\"https:\/\/evercleancw.com\/wp-content\/uploads\/2024\/01\/Pet-Wash-Web-Images_119x130-03.png\" class=\"vc_single_image-img attachment-full\" alt=\"\" srcset=\"https:\/\/evercleancw.com\/wp-content\/uploads\/2024\/01\/Pet-Wash-Web-Images_119x130-03.png 496w, https:\/\/evercleancw.com\/wp-content\/uploads\/2024\/01\/Pet-Wash-Web-Images_119x130-03-275x300.png 275w\" sizes=\"auto, (max-width: 496px) 100vw, 496px\" \/><\/div>\n\t\t<\/figure>\n\t<\/div>\n<\/div><\/div><\/div><div class=\"wpb_column vc_column_container vc_col-sm-3\"><div class=\"vc_column-inner\"><div class=\"wpb_wrapper\">\n\t<div  class=\"wpb_single_image wpb_content_element vc_align_\">\n\t\t\n\t\t<figure class=\"wpb_wrapper vc_figure\">\n\t\t\t<div class=\"vc_single_image-wrapper vc_box_shadow  vc_box_border_grey\"><img loading=\"lazy\" decoding=\"async\" width=\"496\" height=\"542\" src=\"https:\/\/evercleancw.com\/wp-content\/uploads\/2024\/01\/Pet-Wash-Web-Images_119x130-05.png\" class=\"vc_single_image-img attachment-full\" alt=\"\" srcset=\"https:\/\/evercleancw.com\/wp-content\/uploads\/2024\/01\/Pet-Wash-Web-Images_119x130-05.png 496w, https:\/\/evercleancw.com\/wp-content\/uploads\/2024\/01\/Pet-Wash-Web-Images_119x130-05-275x300.png 275w\" sizes=\"auto, (max-width: 496px) 100vw, 496px\" \/><\/div>\n\t\t<\/figure>\n\t<\/div>\n<\/div><\/div><\/div><\/div>\n\t<div class=\"wpb_text_column wpb_content_element\" >\n\t\t<div class=\"wpb_wrapper\">\n\t\t\t\n\t\t<\/div>\n\t<\/div>\n<\/div><\/div><\/div><\/div><div class=\"vc_row wpb_row vc_row-fluid\"><div class=\"wpb_column vc_column_container vc_col-sm-4\"><div class=\"vc_column-inner\"><div class=\"wpb_wrapper\"><\/div><\/div><\/div><div class=\"wpb_column vc_column_container vc_col-sm-4\"><div class=\"vc_column-inner\"><div class=\"wpb_wrapper\">\n\t<div  class=\"wpb_single_image wpb_content_element vc_align_center\">\n\t\t\n\t\t<figure class=\"wpb_wrapper vc_figure\">\n\t\t\t<div class=\"vc_single_image-wrapper   vc_box_border_grey\"><img loading=\"lazy\" decoding=\"async\" class=\"vc_single_image-img\" src=\"https:\/\/evercleancw.com\/wp-content\/uploads\/2024\/01\/EC-Pet-Wash-Logo-blue-200x200.png\" width=\"200\" height=\"200\" alt=\"EC Pet Wash Logo-blue\" title=\"Logotipo azul de EC Pet Wash\" \/><\/div>\n\t\t<\/figure>\n\t<\/div>\n<\/div><\/div><\/div><div class=\"wpb_column vc_column_container vc_col-sm-4\"><div class=\"vc_column-inner\"><div class=\"wpb_wrapper\"><\/div><\/div><\/div><\/div>","protected":false},"excerpt":{"rendered":"EVERCLEAN BARTLETT PET WASH 1440 Illinois Rte 59, Bartlett, IL 60103 (630) 800-5335 C\u00f3mo llegar Horario: Lun-Vie: 8:00-19:00 Dom: 8:00-16:00 Ba\u00f1e a sus mascotas c\u00f3modamente en nuestra sucursal de Bartlett. Pague una cuota \u00fanica o comience una membres\u00eda mensual. Los siguientes son\u2026","protected":false},"author":3,"featured_media":0,"parent":0,"menu_order":0,"comment_status":"closed","ping_status":"closed","template":"","meta":{"om_disable_all_campaigns":false,"_monsterinsights_skip_tracking":false,"_monsterinsights_sitenote_active":false,"_monsterinsights_sitenote_note":"","_monsterinsights_sitenote_category":0,"footnotes":""},"class_list":["post-4654","page","type-page","status-publish","hentry","entry","no-media"],"aioseo_notices":[],"_links":{"self":[{"href":"https:\/\/evercleancw.com\/es\/wp-json\/wp\/v2\/pages\/4654","targetHints":{"allow":["GET"]}}],"collection":[{"href":"https:\/\/evercleancw.com\/es\/wp-json\/wp\/v2\/pages"}],"about":[{"href":"https:\/\/evercleancw.com\/es\/wp-json\/wp\/v2\/types\/page"}],"author":[{"embeddable":true,"href":"https:\/\/evercleancw.com\/es\/wp-json\/wp\/v2\/users\/3"}],"replies":[{"embeddable":true,"href":"https:\/\/evercleancw.com\/es\/wp-json\/wp\/v2\/comments?post=4654"}],"version-history":[{"count":3,"href":"https:\/\/evercleancw.com\/es\/wp-json\/wp\/v2\/pages\/4654\/revisions"}],"predecessor-version":[{"id":4782,"href":"https:\/\/evercleancw.com\/es\/wp-json\/wp\/v2\/pages\/4654\/revisions\/4782"}],"wp:attachment":[{"href":"https:\/\/evercleancw.com\/es\/wp-json\/wp\/v2\/media?parent=4654"}],"curies":[{"name":"wp","href":"https:\/\/api.w.org\/{rel}","templated":true}]}}