{"id":186,"date":"2021-05-11T14:10:35","date_gmt":"2021-05-11T14:10:35","guid":{"rendered":"http:\/\/evercleancw.com\/?page_id=186"},"modified":"2025-03-06T11:13:48","modified_gmt":"2025-03-06T17:13:48","slug":"careers","status":"publish","type":"page","link":"https:\/\/evercleancw.com\/es\/careers\/","title":{"rendered":"Carreras"},"content":{"rendered":"<div data-vc-full-width=\"true\" data-vc-full-width-init=\"false\" class=\"vc_row wpb_row vc_row-fluid vc_custom_1666732556165 wpex-vc_row-has-fill wpex-vc-row-stretched\"><div class=\"wpb_column vc_column_container vc_col-sm-2\"><div class=\"vc_column-inner\"><div class=\"wpb_wrapper\">\n\t<div class=\"wpb_text_column wpb_content_element\" >\n\t\t<div class=\"wpb_wrapper\">\n\t\t\t<p style=\"text-align: left;\"><a title=\"Calificaci\u00f3n y rese\u00f1a\" href=\"http:\/\/www.greatplacetowork.com\/certified-company\/7046901\" target=\"_blank\" rel=\"noopener\"><img decoding=\"async\" src=\"https:\/\/www.greatplacetowork.com\/images\/profiles\/7046901\/companyBadge.png\" alt=\"Review\" width=\"120\" \/><\/a><\/p>\n\n\t\t<\/div>\n\t<\/div>\n<\/div><\/div><\/div><div class=\"wpb_column vc_column_container vc_col-sm-4\"><div class=\"vc_column-inner\"><div class=\"wpb_wrapper\"><div class=\"vc_empty_space\"   style=\"height: 80px\"><span class=\"vc_empty_space_inner\"><\/span><\/div>\n\t<div class=\"wpb_text_column wpb_content_element\" >\n\t\t<div class=\"wpb_wrapper\">\n\t\t\t<h2 class=\"uppercase\">CARRERAS EN<br \/>\n<span class=\"sky\"> EVERCLEAN<\/span><\/h2>\n<p>Estamos creciendo r\u00e1pidamente y usted tambi\u00e9n puede hacerlo.<\/p>\n\n\t\t<\/div>\n\t<\/div>\n\n\t<div class=\"wpb_text_column hidden wpb_content_element\" >\n\t\t<div class=\"wpb_wrapper\">\n\t\t\t<p><a class=\"sticky-href\" href=\"https:\/\/evercleancw.com\/es\/wash-books-gift-cards\/\" target=\"_blank\" rel=\"noopener\"><br \/>\n<img decoding=\"async\" class=\"sticky alignleft\" src=\"\/wp-content\/uploads\/2022\/11\/Everclean_Digital_Website_StickyButtons_BOGOStickyButtons_01_001__Buy4Get1-1-1.png\" alt=\"\" \/><br \/>\n<\/a><\/p>\n\n\t\t<\/div>\n\t<\/div>\n<\/div><\/div><\/div><div class=\"wpb_column vc_column_container vc_col-sm-6\"><div class=\"vc_column-inner\"><div class=\"wpb_wrapper\"><div class=\"vc_empty_space\"   style=\"height: 32px\"><span class=\"vc_empty_space_inner\"><\/span><\/div><\/div><\/div><\/div><\/div><div class=\"vc_row-full-width vc_clearfix\"><\/div><div class=\"vc_row wpb_row vc_row-fluid vc_custom_1620742993917\"><div class=\"wpb_column vc_column_container vc_col-sm-12\"><div class=\"vc_column-inner\"><div class=\"wpb_wrapper\"><div class=\"vc_row wpb_row vc_inner vc_row-fluid vc_custom_1664302602899 vc_column-gap-35\"><div class=\"wpb_column vc_column_container vc_col-sm-6\"><div class=\"vc_column-inner\"><div class=\"wpb_wrapper\">\n\t<div class=\"wpb_video_widget wpb_content_element vc_clearfix   vc_video-aspect-ratio-169 vc_video-el-width-100 vc_video-align-left\" >\n\t\t<div class=\"wpb_wrapper\">\n\t\t\t\n\t\t\t<div class=\"wpb_video_wrapper\"><div class=\"wpex-responsive-media\"><iframe loading=\"lazy\" title=\"HARIM - Mi historia siempre limpia\" width=\"980\" height=\"551\" src=\"https:\/\/www.youtube.com\/embed\/EuCHpvDDbvA?feature=oembed\"  allow=\"accelerometer; autoplay; clipboard-write; encrypted-media; gyroscope; picture-in-picture\" allowfullscreen><\/iframe><\/div><\/div>\n\t\t<\/div>\n\t<\/div>\n<\/div><\/div><\/div><div class=\"wpb_column mob-align-center vc_column_container vc_col-sm-6\"><div class=\"vc_column-inner\"><div class=\"wpb_wrapper\">\n\t<div class=\"wpb_text_column wpb_content_element\" >\n\t\t<div class=\"wpb_wrapper\">\n\t\t\t<p><strong>Estamos creciendo r\u00e1pidamente y usted tambi\u00e9n puede hacerlo.<\/strong><\/p>\n<p>Nosotros contratamos <strong>FUTUROS GERENTES.<\/strong> Si crees que podr\u00edas ser t\u00fa, nos encantar\u00eda conocerte.<\/p>\n<p><strong>\u00bfQue esperar? <\/strong><\/p>\n<p>Comenzar\u00e1s cerca de casa en una de nuestras ubicaciones locales. Forjar\u00e1s relaciones con compa\u00f1eros de trabajo, clientes y mentores. Despu\u00e9s, estar\u00e1s listo para el verdadero reto: administrar un sitio local de un mill\u00f3n de d\u00f3lares. Las habilidades y la experiencia que adquieras ser\u00e1n la base de tu carrera.<\/p>\n\n\t\t<\/div>\n\t<\/div>\n<\/div><\/div><\/div><\/div><div class=\"vc_row wpb_row vc_inner vc_row-fluid\"><div class=\"wpb_column vc_column_container vc_col-sm-6\"><div class=\"vc_column-inner\"><div class=\"wpb_wrapper\"><div class=\"textcenter theme-button-wrap wpex-clr\"><a href=\"\/es\/my-stories\/\" class=\"vcex-button theme-button align-center inline\"><span class=\"theme-button-inner\">ESCUCHA M\u00c1S HISTORIAS<\/span><\/a><\/div> <\/div><\/div><\/div><div class=\"wpb_column vc_column_container vc_col-sm-6\"><div class=\"vc_column-inner\"><div class=\"wpb_wrapper\"><div class=\"textcenter theme-button-wrap wpex-clr\"><a href=\"\/es\/apply-now\/\" class=\"vcex-button theme-button align-center inline\"><span class=\"theme-button-inner\">SOLICITE AHORA<\/span><\/a><\/div> <\/div><\/div><\/div><\/div><\/div><\/div><\/div><\/div><div data-vc-full-width=\"true\" data-vc-full-width-init=\"false\" class=\"vc_row wpb_row vc_row-fluid vc_custom_1664302851803 wpex-vc_row-has-fill wpex-vc-row-stretched\"><div class=\"wpb_column vc_column_container vc_col-sm-12\"><div class=\"vc_column-inner\"><div class=\"wpb_wrapper\"><div class=\"vc_row wpb_row vc_inner vc_row-fluid vc_custom_1663149892284 no-bottom-margins\"><div class=\"wpb_column vc_column_container vc_col-sm-2\"><div class=\"vc_column-inner\"><div class=\"wpb_wrapper\"><\/div><\/div><\/div><div class=\"wpb_column slider-outer vc_column_container vc_col-sm-8\"><div class=\"vc_column-inner\"><div class=\"wpb_wrapper\"><h2 class=\"vcex-heading vcex-module wpex-text-2xl wpex-font-normal wpex-m-auto wpex-max-w-100 vcex-heading-plain wpex-block wpex-text-center vc_custom_1664302780104\"><span class=\"vcex-heading-inner wpex-inline-block wpex-clr\">CONTRATAMOS FUTUROS GERENTES<\/span><\/h2>\n\t<div style=\"font-size:25px;font-weight:700;text-align:center;\" class=\"wpb_text_column wpb_content_element  vc_custom_1664302724337\" >\n\t\t<div class=\"wpb_wrapper\">\n\t\t\t<p>\u00bfEn qu\u00e9 camino est\u00e1s?<\/p>\n\n\t\t<\/div>\n\t<\/div>\n<div class=\"wpex-slider-preloaderimg\"><img loading=\"lazy\" decoding=\"async\" data-no-lazy=\"1\" class=\"skip-lazy\" src=\"https:\/\/evercleancw.com\/wp-content\/uploads\/2024\/06\/Growth-Pathway-Brown-2-1-scaled-790x440.jpg\" alt=\"\" width=\"790\" height=\"440\" \/><\/div><div class=\"vcex-module wpex-slider slider-pro vcex-image-slider wpex-clr custom-image-slider\" data-auto-play=\"false\" data-auto-play-delay=\"5000\" data-buttons=\"false\" data-fade-arrows=\"false\" data-animation-speed=\"600\" data-height-animation-duration=\"500\" data-thumbnail-height=\"70\" data-thumbnail-width=\"70\" data-reach-video-action=\"none\"><div class=\"wpex-slider-slides sp-slides\"><div class=\"wpex-slider-slide sp-slide\"><div class=\"wpex-slider-media\"><img loading=\"lazy\" decoding=\"async\" data-no-lazy=\"1\" class=\"skip-lazy\" src=\"https:\/\/evercleancw.com\/wp-content\/uploads\/2024\/06\/Growth-Pathway-Brown-2-1-scaled-790x440.jpg\" alt=\"\" width=\"790\" height=\"440\" \/><\/div><\/div><div class=\"wpex-slider-slide sp-slide\"><div class=\"wpex-slider-media\"><img loading=\"lazy\" decoding=\"async\" data-no-lazy=\"1\" class=\"skip-lazy\" src=\"https:\/\/evercleancw.com\/wp-content\/uploads\/2024\/06\/Growth-Pathway-Brown-3-1-scaled-790x440.jpg\" alt=\"\" width=\"790\" height=\"440\" \/><\/div><\/div><div class=\"wpex-slider-slide sp-slide\"><div class=\"wpex-slider-media\"><img loading=\"lazy\" decoding=\"async\" data-no-lazy=\"1\" class=\"skip-lazy\" src=\"https:\/\/evercleancw.com\/wp-content\/uploads\/2024\/06\/Growth-Pathway-Brown-4-1-scaled-790x440.jpg\" alt=\"\" width=\"790\" height=\"440\" \/><\/div><\/div><div class=\"wpex-slider-slide sp-slide\"><div class=\"wpex-slider-media\"><img loading=\"lazy\" decoding=\"async\" data-no-lazy=\"1\" class=\"skip-lazy\" src=\"https:\/\/evercleancw.com\/wp-content\/uploads\/2024\/06\/Growth-Pathway-Brown-5-1-scaled-790x440.jpg\" alt=\"\" width=\"790\" height=\"440\" \/><\/div><\/div><div class=\"wpex-slider-slide sp-slide\"><div class=\"wpex-slider-media\"><img loading=\"lazy\" decoding=\"async\" data-no-lazy=\"1\" class=\"skip-lazy\" src=\"https:\/\/evercleancw.com\/wp-content\/uploads\/2024\/06\/Growth-Pathway-Brown-6-1-scaled-790x440.jpg\" alt=\"\" width=\"790\" height=\"440\" \/><\/div><\/div><\/div><\/div><div class=\"vc_empty_space\"   style=\"height: 35px\"><span class=\"vc_empty_space_inner\"><\/span><\/div><div class=\"textcenter theme-button-wrap wpex-clr\"><a href=\"\/es\/apply-now\/\" class=\"vcex-button theme-button align-center inline\"><span class=\"theme-button-inner\">SOLICITE AHORA<\/span><\/a><\/div> <\/div><\/div><\/div><div class=\"wpb_column vc_column_container vc_col-sm-2\"><div class=\"vc_column-inner\"><div class=\"wpb_wrapper\"><\/div><\/div><\/div><\/div><\/div><\/div><\/div><\/div><div class=\"vc_row-full-width vc_clearfix\"><\/div>","protected":false},"excerpt":{"rendered":"OPORTUNIDADES LABORALES EN EVERCLEAN Estamos creciendo r\u00e1pidamente, y t\u00fa tambi\u00e9n puedes hacerlo. Estamos creciendo r\u00e1pidamente, y t\u00fa tambi\u00e9n puedes hacerlo. Contratamos FUTUROS GERENTES. Si crees que podr\u00edas ser t\u00fa, nos encantar\u00eda conocerte. \u00bfQu\u00e9 puedes esperar? Comenzar\u00e1s cerca de\u2026","protected":false},"author":1,"featured_media":0,"parent":0,"menu_order":0,"comment_status":"closed","ping_status":"closed","template":"","meta":{"om_disable_all_campaigns":false,"_monsterinsights_skip_tracking":false,"_monsterinsights_sitenote_active":false,"_monsterinsights_sitenote_note":"","_monsterinsights_sitenote_category":0,"footnotes":""},"class_list":["post-186","page","type-page","status-publish","hentry","entry","no-media"],"aioseo_notices":[],"_links":{"self":[{"href":"https:\/\/evercleancw.com\/es\/wp-json\/wp\/v2\/pages\/186","targetHints":{"allow":["GET"]}}],"collection":[{"href":"https:\/\/evercleancw.com\/es\/wp-json\/wp\/v2\/pages"}],"about":[{"href":"https:\/\/evercleancw.com\/es\/wp-json\/wp\/v2\/types\/page"}],"author":[{"embeddable":true,"href":"https:\/\/evercleancw.com\/es\/wp-json\/wp\/v2\/users\/1"}],"replies":[{"embeddable":true,"href":"https:\/\/evercleancw.com\/es\/wp-json\/wp\/v2\/comments?post=186"}],"version-history":[{"count":2,"href":"https:\/\/evercleancw.com\/es\/wp-json\/wp\/v2\/pages\/186\/revisions"}],"predecessor-version":[{"id":4993,"href":"https:\/\/evercleancw.com\/es\/wp-json\/wp\/v2\/pages\/186\/revisions\/4993"}],"wp:attachment":[{"href":"https:\/\/evercleancw.com\/es\/wp-json\/wp\/v2\/media?parent=186"}],"curies":[{"name":"wp","href":"https:\/\/api.w.org\/{rel}","templated":true}]}}